{"id":150,"date":"2013-03-24T13:16:00","date_gmt":"2013-03-24T11:16:00","guid":{"rendered":"http:\/\/pc-mac.se\/word\/?page_id=150"},"modified":"2026-03-23T12:28:35","modified_gmt":"2026-03-23T11:28:35","slug":"linda","status":"publish","type":"page","link":"https:\/\/korda.org\/?page_id=150","title":{"rendered":"Linda Forsman &#8211; Koreograf"},"content":{"rendered":"<p>&nbsp;<\/p>\n<p><a href=\"http:\/\/korda.org\/?attachment_id=1485\" rel=\"attachment wp-att-1485\"><img loading=\"lazy\" decoding=\"async\" class=\"alignnone size-medium wp-image-1485\" src=\"http:\/\/korda.org\/wp-content\/uploads\/2023\/02\/Linda-Forsman.\u00a9Foto-Urban-Joren-kopia-300x200.jpg\" alt=\"\" width=\"300\" height=\"200\" srcset=\"https:\/\/korda.org\/wp-content\/uploads\/2023\/02\/Linda-Forsman.\u00a9Foto-Urban-Joren-kopia-300x200.jpg 300w, https:\/\/korda.org\/wp-content\/uploads\/2023\/02\/Linda-Forsman.\u00a9Foto-Urban-Joren-kopia-1024x682.jpg 1024w, https:\/\/korda.org\/wp-content\/uploads\/2023\/02\/Linda-Forsman.\u00a9Foto-Urban-Joren-kopia-768x512.jpg 768w, https:\/\/korda.org\/wp-content\/uploads\/2023\/02\/Linda-Forsman.\u00a9Foto-Urban-Joren-kopia-1536x1024.jpg 1536w, https:\/\/korda.org\/wp-content\/uploads\/2023\/02\/Linda-Forsman.\u00a9Foto-Urban-Joren-kopia-2048x1365.jpg 2048w, https:\/\/korda.org\/wp-content\/uploads\/2023\/02\/Linda-Forsman.\u00a9Foto-Urban-Joren-kopia-450x300.jpg 450w\" sizes=\"auto, (max-width: 300px) 100vw, 300px\" \/><\/a><\/p>\n<p><span style=\"color: #ff6600;\">Choreographer and Dancer&nbsp;<\/span><\/p>\n<p>My work is based on a lifelong investigation of dance as an artform in close collaboration with my partner set designer, lighting designer and visual artist Lou T Lundqvist,&nbsp;creating Art &#8211; Dance Art and Film together in&nbsp;<a href=\"http:\/\/korda.org\/?page_id=295\">Korda AIM Danskompani<\/a><\/p>\n<pre id=\"tw-target-text\" class=\"tw-data-text tw-text-large tw-ta\" dir=\"ltr\" tabindex=\"-1\" role=\"text\" data-placeholder=\"\u00d6vers\u00e4ttning\" data-ved=\"2ahUKEwiepJnRupWSAxWSPxAIHXO8PKkQ3ewLegQIBBAV\"><span class=\"Y2IQFc\" style=\"font-size: 14pt;\" lang=\"en\">\r\n<span class=\"Y2IQFc\" style=\"font-family: verdana, geneva, sans-serif;\" lang=\"en\">Workshop 13th of June - 14th of June<\/span>\r\n\r\n<span style=\"font-size: 12pt; font-family: verdana, geneva, sans-serif;\">Linda Forsman will give a Workshop - \r\nDeep Bodywork and Improvisation\r\n \r\n13th of June - 14th of June<\/span>\r\n\r\n<span style=\"font-size: 12pt; font-family: verdana, geneva, sans-serif;\">11.00 - 14.00<\/span>\r\n\r\n<span style=\"font-family: verdana, geneva, sans-serif;\">Matsesg\u00e5rden Stigsbo<\/span>\r\n<span style=\"font-size: 12pt; font-family: verdana, geneva, sans-serif;\">Adress: Stigsbo Matses 207, 776 74 Stj\u00e4rnsund<\/span>\r\n\r\nMore information coming soon!\r\n\r\n<\/span><\/pre>\n<p>In 2024 Lou and I invited Julyen Hamilton and created the piece APPLE DANCES in the Garden at Matsesgarden. We continued the work and performed at Ovansj\u00f6festen in April 2025.<\/p>\n<p>Now the collaboration with Julyen Hamilton continues with Guestperformances and workshops in August 2025.<\/p>\n<p>Linda Forsman has got a grant from The Swedish Arts Grants Committee<\/p>\n<p>for the collaboration and Artistic Exchange with Julyen Hamilton.<\/p>\n<p>&nbsp;<\/p>\n<p>Started a new collaboration with Lotta Gahrton, Lotta Gahrton Prod. and we will create a Duet, Moving Forms which will premiere in The BLUE HOUSE in Tensta, Stockholm in the autumn of 2025.<\/p>\n<p>Lou T Lundqvist will create the Lightdesign.<\/p>\n<p>Lars B Almkvist and Lou T Lundqvist will create the Music.<\/p>\n<p>Created APPLE DANCES in collaboration with Julyen Hamilton and Lou T Lundqvist in 2024.<\/p>\n<p>&nbsp;<\/p>\n<p><strong>Collaborations 2022 &#8211; 2023<\/strong><\/p>\n<p>QUINTAL II A with choreographer \/dancer Brandon Collwes from New York.<\/p>\n<p><a href=\"https:\/\/vimeo.com\/1049287166\">https:\/\/vimeo.com\/1049287166<\/a><\/p>\n<p>&nbsp;<\/p>\n<p>SOLOS FOR GRAND PIANO<\/p>\n<p>Collaboration with Elise Einarsdotter in Solos for Grande Piano<\/p>\n<p><a href=\"https:\/\/vimeo.com\/795890080\">https:\/\/vimeo.com\/795890080<\/a><\/p>\n<p>&nbsp;<\/p>\n<p><b>HIRUNDO<\/b><\/p>\n<p><a href=\"https:\/\/vimeo.com\/1049355489\">https:\/\/vimeo.com\/1049355489<\/a><\/p>\n<p>&nbsp;<\/p>\n<p><strong>2024<\/strong><\/p>\n<p>Linda returns to her childhood beloved G\u00e4strikland through honoring the Arctic waterbird, Gavia Arctica.<\/p>\n<p>Linda Forsman and Lou T Lundqvist continues a great collaboration with Julyen Hamilton, who visited Matsesg\u00e5rden Stigsbo in August 2024. Julyen, Linda and Lou T created pieces in Korpilombolo 2012 and ANIMA ANIMUS at Theater PLAZA in Stockholm 1992.<\/p>\n<p>Together &#8211; &nbsp;creating, dancing, living, wonderful.<\/p>\n<p>Creating the piece Duo,Solo,Solo,Duo.&nbsp;<\/p>\n<p>Read Thomas Ohlssons great article in Gefle Dagblad<\/p>\n<p><a href=\"https:\/\/www.gd.se\/2024-07-24\/storlommen-dansar-i-stigsbo\/\">https:\/\/www.gd.se\/2024-07-24\/storlommen-dansar-i-stigsbo\/<\/a><\/p>\n<p>Julyen Hamilton also gave a very strong and interesting workshop The SPACE ISSUE at Matsesgarden Stigsbo.<\/p>\n<p>&nbsp;<\/p>\n<p><strong>2023<\/strong><\/p>\n<p>Lou T Lundqvist och Linda Forsman had a fantastic collaboration with Brandon Collwes, New York 2023.<\/p>\n<p>Brandon Collwes arbetade som dansare i Merce Cunningham Dance Company, New York 2006 &#8211; 2011.<\/p>\n<p>Med st\u00f6d av Konstn\u00e4rsn\u00e4mnden genomf\u00f6rde vi ett fantastiskt dansprojekt och internationellt kulturutbyte med Brandon Collwes Koreograf \/ Dansare \/ Bildkonstn\u00e4r fr\u00e5n New York, USA.<\/p>\n<div class=\"page\" title=\"Page 1\">\n<div class=\"layoutArea\">\n<div class=\"column\">\n<p>Koreograf Linda Forsman och Scenograf &#8211; Bildkonstn\u00e4r &#8211; Musiker Lou T Lundqvist skapade tillsammans med Brandon Collwes den nya f\u00f6rest\u00e4llningen <strong>Quintal II<\/strong><\/p>\n<p>Samarbetet \u00e4r en \u00e5terkoppling till Linda Forsmans tid som ung dansare i New York och ett konstn\u00e4rligt utbyte av inspiration, gl\u00e4dje och n\u00e4ring till framtida samarbeten.<\/p>\n<div class=\"page\" title=\"Page 2\">\n<div class=\"layoutArea\">\n<div class=\"column\">\n<p><strong>QUINTAL II<\/strong><\/p>\n<\/div>\n<\/div>\n<div class=\"layoutArea\">\n<div class=\"column\">\n<p>Koreografi : Linda Forsman och Brandon Collwes<\/p>\n<p>Scenbild och Kostym : Brandon Collwes&nbsp;<\/p>\n<p>Elektroakustisk musik : Lou T Lundqvist<\/p>\n<\/div>\n<div class=\"page\" title=\"Page 2\">\n<div class=\"layoutArea\">\n<div class=\"column\">\n<p>Dansare : Linda Forsman, Brandon Collwes, Hanna Becker, Rannhvi Mebius Jormin, Tobias Sk\u00f6ld.<\/p>\n<p>F\u00f6rest\u00e4llningen hade premi\u00e4r 28 Juli 2023 och spelas 29\/7, 30\/7, 4\/8, 5\/8,6\/8, 11\/8, 12\/8, 13\/8 kl. 19.00<\/p>\n<div class=\"page\" title=\"Page 2\">\n<div class=\"layoutArea\">\n<div class=\"column\">\n<p>11\/8, 12\/8, 13\/8 spelar Conny Laxell, multiinstrumentalist med grunden i slagverk, live till f\u00f6rest\u00e4llningarna.<\/p>\n<p><a href=\"https:\/\/kulturbiljetter.se\/evenemang\/6365\/quintal-ii\/\">https:\/\/kulturbiljetter.se\/evenemang\/6365\/quintal-ii\/<\/a><\/p>\n<p>&nbsp;<\/p>\n<p><strong>SOLOS FOR GRAND PIANO<\/strong><\/p>\n<\/div>\n<\/div>\n<\/div>\n<\/div>\n<\/div>\n<\/div>\n<\/div>\n<\/div>\n<\/div>\n<\/div>\n<\/div>\n<p>Solos for Grand Piano i samarbete &nbsp;med&nbsp;komposit\u00f6ren och pianisten Elise Einarsdotter och med bild och ljusdesign av Lou T Lundqvist.<\/p>\n<p>Solos for Grand Piano spelades p\u00e5 G\u00e4vle Teater den 16 Februari 2023.<\/p>\n<p><a href=\"http:\/\/gavleteater.se\/2022\/11\/24\/solos-for-grand-piano\/\">http:\/\/gavleteater.se\/2022\/11\/24\/solos-for-grand-piano\/<\/a><\/p>\n<p>Solos for Grand Piano hade Premi\u00e4r p\u00e5 Folkets Hus Teatern i Hofors den 27 Oktober 2022.<\/p>\n<p><a href=\"http:\/\/korda.org\/?page_id=295\">Korda AIM Danskompani<\/a><\/p>\n<p>Koreograf Linda Forsman och Lou T Lundqvist scenograf \/ ljusdesigner \/ musiker \/ bildkonstn\u00e4r skapar dansverk, dansfilmer, konstfilmer, l\u00e4nsprojekt och samarbeten i Region Dalarna, Region&nbsp;G\u00e4vleborg och Region Stockholm<\/p>\n<p>Linda Forsman och Lou T Lundqvist har i samarbete med H\u00e5kan Blomkvist bildkonstn\u00e4r, filmfotograf Gunnar K\u00e4llstr\u00f6m, filmklippare Kerstin Eriksdotter, kostym\u00f6r Gabriella Innerstedt skapat dansfilmen NADIR, som hade V\u00e4rldspremi\u00e4r p\u00e5 The World Film Festival i Montreal, Kanada.<\/p>\n<p>NADIR \u2013 kortfilm p\u00e5 35mm Cinemascope blev inbjuden till The World Film Festival i Montreal, Kanada och visad i kategorin \u201d Cinema of tomorrow &#8211; New Trends \u201d &nbsp;1994. NADIR visades p\u00e5 Air Canada 1998 och s\u00e5ldes till Public Service Television i Taiwan 2001 &#8211; 2003. NADIR har ocks\u00e5 visats p\u00e5 flera nationella och internationella film festivaler<\/p>\n<div><span lang=\"EN-US\">Linda Forsman och Lou T Lundqvist har i samarbete med H\u00e5kan Blomkvist bildkonstn\u00e4r, filmfotograf Peter \u00d6stlund, filmklippare Kerstin Eriksdotter, kostym\u00f6r Ann-Mari Anttila skapat dansfilmen NIER\u00cdKA, som hade V\u00e4rldspremi\u00e4r p\u00e5 Dansens Hus 1995.<\/span><\/div>\n<div>&nbsp;<\/div>\n<div><span lang=\"EN-US\">NIER\u00cdKA \u2013 kortfilm p\u00e5 35mm Cinemascope blev inbjuden till The World Film Festival i Montreal, Kanada och visad i kategorin \u201d Cinema of tomorrow &#8211; New Trends \u201d 1996. NIER\u00cdKA har visats p\u00e5&nbsp; Kunstkanaal i Holland under 1997 \/ 98 och visats p\u00e5 flera nationella och internationella film festivaler i Frankrike 1996, Norge 2001, Ryssland 2006&nbsp; samt Chile och Schweiz 2007.<\/span><\/div>\n<div>&nbsp;<\/div>\n<p>KORDA har sedan 2013 sin bas b\u00e5de i Stockholm och i Matsesg\u00e5rden Stigsbo, n\u00e4ra gr\u00e4nsen till G\u00e4vleborg.<\/p>\n<p>KORDA samarbetar med dansaren \/ koreografen \/ bildkonstn\u00e4ren&nbsp;Brandon Collwes, New York, komposit\u00f6ren, pianisten och pedagog Elise Einarsdotter, f\u00f6rfattaren Lena de Veen, pianisten \/ bildkonstn\u00e4ren&nbsp;Markus Lindmark, musikern Johannes Bergmark, som skapar sina egna instrument, slagverkare Emelie Sj\u00f6str\u00f6m samt gitarristen Jan &#8211; Olov Jonsson.<\/p>\n<p>Linda Forsman och Lou T Lundqvist har ocks\u00e5 samarbetat med koreograferna Pauline de Groot, Holland och Julyen Hamilton, Grekland \/ England \/ Spanien samt Sebastian Prantl och Cecilia Li fr\u00e5n \u00d6sterrike<\/p>\n<p>Arbetade som dansare i Dansgruppen Vindh\u00e4xor med koreografen Eva Lundqvist 1977 &#8211; 1988.<\/p>\n<p>Vindh\u00e4xor hade sin bas tillsammans med grupperna Sv\u00e4ngrum och Nikes d\u00f6ttrar i&nbsp;Glashuset, Stockholms f\u00f6rsta dansscen. Flera ensembler repeterade och spelade sina verk i Glashuset, bland andra Remote Control Production Company Michael Laub. Med Vindh\u00e4xor dansade Linda i Paris, London, Geneve, Berlin och New York och turnerade i Sverige, Norge, Finland, Danmark, Tyskland, England, Holland, Frankrike och till&nbsp;Sankt Marks Church i&nbsp;New York samt&nbsp;Washington DC, USA<\/p>\n<p>Studerade f\u00f6r Simone Forti, Nancy Topf och Nancy Stark Smith i New York 1983<\/p>\n<p>Studier f\u00f6r koreografen Merce Cunningham i New York 1976<\/p>\n<p>Studerade p\u00e5 Balettakademin i Stockholm 1971 &#8211; 1974<\/p>\n<p style=\"font-family: Arial, Helvetica, sans-serif; font-size: 24px; font-style: normal; text-align: left; margin-left: 0px; border-top-style: none; border-top-width: thin; border-top-color: #85807a;\"><strong><a href=\"http:\/\/korda.org\/wp-content\/uploads\/2013\/03\/tresvoches_lundqvist_03_650x650_q851.jpg\"><img loading=\"lazy\" decoding=\"async\" class=\"size-medium wp-image-347 alignleft\" src=\"http:\/\/korda.org\/wp-content\/uploads\/2013\/03\/tresvoches_lundqvist_03_650x650_q851-300x164.jpg\" alt=\"Tresvoches 1\" width=\"300\" height=\"164\" srcset=\"https:\/\/korda.org\/wp-content\/uploads\/2013\/03\/tresvoches_lundqvist_03_650x650_q851-300x164.jpg 300w, https:\/\/korda.org\/wp-content\/uploads\/2013\/03\/tresvoches_lundqvist_03_650x650_q851-500x274.jpg 500w, https:\/\/korda.org\/wp-content\/uploads\/2013\/03\/tresvoches_lundqvist_03_650x650_q851.jpg 640w\" sizes=\"auto, (max-width: 300px) 100vw, 300px\" \/><\/a><\/strong><\/p>\n<p style=\"font-family: Arial, Helvetica, sans-serif; font-size: 24px; font-style: normal; text-align: left; margin-left: 0px; border-top-style: none; border-top-width: thin; border-top-color: #85807a;\"><strong><a href=\"http:\/\/korda.org\/wp-content\/uploads\/2013\/03\/tresvoches_lundqvist_01_650x650_q851.jpg\"><img loading=\"lazy\" decoding=\"async\" class=\"size-medium wp-image-345 alignleft\" src=\"http:\/\/korda.org\/wp-content\/uploads\/2013\/03\/tresvoches_lundqvist_01_650x650_q851-300x264.jpg\" alt=\"Tresvoches 3\" width=\"300\" height=\"264\" srcset=\"https:\/\/korda.org\/wp-content\/uploads\/2013\/03\/tresvoches_lundqvist_01_650x650_q851-300x264.jpg 300w, https:\/\/korda.org\/wp-content\/uploads\/2013\/03\/tresvoches_lundqvist_01_650x650_q851-340x300.jpg 340w, https:\/\/korda.org\/wp-content\/uploads\/2013\/03\/tresvoches_lundqvist_01_650x650_q851.jpg 544w\" sizes=\"auto, (max-width: 300px) 100vw, 300px\" \/><\/a><\/strong><\/p>\n","protected":false},"excerpt":{"rendered":"<p>&nbsp; Choreographer and Dancer&nbsp; My work is based on a lifelong investigation of dance as an artform in close collaboration with my partner set designer, lighting designer and visual artist Lou T Lundqvist,&nbsp;creating Art &#8211; Dance Art and Film together &hellip; <a class=\"more-link\" href=\"https:\/\/korda.org\/?page_id=150\">L\u00e4s mer <span class=\"meta-nav\">&rarr;<\/span><\/a><\/p>\n","protected":false},"author":1,"featured_media":0,"parent":148,"menu_order":0,"comment_status":"closed","ping_status":"closed","template":"","meta":{"ngg_post_thumbnail":0,"footnotes":""},"class_list":["post-150","page","type-page","status-publish","hentry"],"_links":{"self":[{"href":"https:\/\/korda.org\/index.php?rest_route=\/wp\/v2\/pages\/150","targetHints":{"allow":["GET"]}}],"collection":[{"href":"https:\/\/korda.org\/index.php?rest_route=\/wp\/v2\/pages"}],"about":[{"href":"https:\/\/korda.org\/index.php?rest_route=\/wp\/v2\/types\/page"}],"author":[{"embeddable":true,"href":"https:\/\/korda.org\/index.php?rest_route=\/wp\/v2\/users\/1"}],"replies":[{"embeddable":true,"href":"https:\/\/korda.org\/index.php?rest_route=%2Fwp%2Fv2%2Fcomments&post=150"}],"version-history":[{"count":89,"href":"https:\/\/korda.org\/index.php?rest_route=\/wp\/v2\/pages\/150\/revisions"}],"predecessor-version":[{"id":1971,"href":"https:\/\/korda.org\/index.php?rest_route=\/wp\/v2\/pages\/150\/revisions\/1971"}],"up":[{"embeddable":true,"href":"https:\/\/korda.org\/index.php?rest_route=\/wp\/v2\/pages\/148"}],"wp:attachment":[{"href":"https:\/\/korda.org\/index.php?rest_route=%2Fwp%2Fv2%2Fmedia&parent=150"}],"curies":[{"name":"wp","href":"https:\/\/api.w.org\/{rel}","templated":true}]}}