{"id":210,"date":"2013-03-25T17:35:00","date_gmt":"2013-03-25T15:35:00","guid":{"rendered":"http:\/\/pc-mac.se\/word\/?page_id=210"},"modified":"2025-04-09T17:22:50","modified_gmt":"2025-04-09T16:22:50","slug":"login-page","status":"publish","type":"page","link":"https:\/\/korda.org\/?page_id=210","title":{"rendered":"Produktioner"},"content":{"rendered":"<p style=\"font-family: Arial, Helvetica, sans-serif; font-size: 24px;\"><strong>Scenproduktioner &nbsp;&nbsp;<\/strong><\/p>\n<p style=\"font-family: Arial, Helvetica, sans-serif; font-size: 24px;\">G\u00e5 till&nbsp;<strong><em><strong><a href=\"#filmproduktioner\">Filmproduktioner<\/a>&nbsp;&amp; Samproduktioner<\/strong><\/em><br \/>\n<\/strong><\/p>\n<div title=\"Page 1\">\n<p><strong>2024 &#8211; DUO,SOLO,SOLO,DUO Linda Forsman och Lou T Lundqvist i samarbete med Julyen Hamilton.<br \/>\n<\/strong><\/p>\n<p><strong>2024 &#8211; GAVIA ARCTICA &#8211; till Storlommen och sj\u00f6arnas \u00e4ra <\/strong>&#8211; <strong>Dans i Tr\u00e4dg\u00e5rden &#8211; Linda Forsman och Lou T Lundqvist. Dansare: Linda Forsman, Kerstin Abrahamsson, Rebecka Carlsson.<\/strong><\/p>\n<p><strong>2023 QUINTAL II &#8211; Dans i Tr\u00e4dg\u00e5rden &#8211; Linda Forsman och Lou T Lundqvist i samarbete med Brandon Collwes, New York. Musik live: Conny Laxell. Dansare: Linda Forsman, Brandon Collwes, Tobias Sk\u00f6ld, Rannhvi Mebius Jormin, Hanna Becker.<\/strong><\/p>\n<p><strong>2022 &#8211; 2023 SOLOS FOR Grand Piano &#8211; Linda Forsman och Lou T Lundqvist i samarbete med Elise Einarsdotter.<\/strong><\/p>\n<p><strong>2022 TIME DANCES &#8211; Dans i Tr\u00e4dg\u00e5rden &#8211; Linda Forsman och Lou T Lundqvist i samarbete med Markus Lindmark, Johannes Bergmark, Emelie Sj\u00f6str\u00f6m<\/strong><\/p>\n<p><strong>2021 BARNET &#8211; Koreograferad Bok, i samarbete med f\u00f6rfattaren Lena de Veen.<\/strong><\/p>\n<p><strong>2021 &nbsp;HIRUNDO &#8211; Dans i &nbsp;Tr\u00e4dg\u00e5rden, Tr\u00e4dg\u00e5rdsf\u00f6rest\u00e4llningar, Matsesg\u00e5rden Stigsbo. Dansare: Linda Forsman, Kerstin Abrahamsson, Jonathan D Sikell<\/strong><\/p>\n<p><strong>2020 &nbsp;TILIA CORDATE &#8211; Tr\u00e4dg\u00e5rdsf\u00f6rest\u00e4llningar, Matsesg\u00e5rden Stigsbo. Dansare: Linda Forsman, Kerstin Abrahamsson, Matilda Bilberg<\/strong><\/p>\n<p><strong>2019 &nbsp;KAUYUMARI &#8211; Tr\u00e4dg\u00e5rdsf\u00f6rest\u00e4llningar, Matsesg\u00e5rden Stigsbo.Dansare: Linda Forsman,Kerstin Abrahamsson, Sara Soumah<\/strong><\/p>\n<p><strong>2019 HABIBTI-HABIBI-AZIZAM &#8211; <\/strong><strong>Martin Koch teater,Hedemora<\/strong><strong> &nbsp; &nbsp; &nbsp;&nbsp; Dansare:Linda Forsman,Kerstin Abrahamsson, Sara Soumah<\/strong><\/p>\n<p><strong>2019 &nbsp;SOLO MOON<strong>-Mackmyra Skulpturpark,<\/strong><\/strong><strong>Dansare: Linda Forsman<\/strong><\/p>\n<p><strong>2018 &nbsp;TIDSM\u00d6NSTER, Matsesg\u00e5rden Stigsbo.Dansare: Linda Forsman, Kerstin Abrahamsson, Oliver Mahar<\/strong><\/p>\n<p><strong>2018 &nbsp;SOLO TIDSM\u00d6NSTER-Mackmyra Skulpturpark &nbsp; &nbsp; &nbsp; &nbsp; &nbsp; &nbsp; &nbsp; &nbsp; &nbsp; &nbsp; &nbsp;&nbsp; Dansare:Linda Forsman<\/strong><\/p>\n<p><strong>2018 HABIBI-min \u00e4lskade Martin Koch teater,Hedemora &nbsp; &nbsp; &nbsp; &nbsp; &nbsp; &nbsp; &nbsp; Dansare:Linda Forsman, Matilda Bilberg, Oliver Mahar<\/strong><\/p>\n<p><strong>2018 &nbsp;SOLO CERES &#8211; Konsthallen Hofors,Dansare:&nbsp;Linda Forsman<\/strong><\/p>\n<p><strong>2017 &nbsp;Leva n\u00e4ra livet\/Vild -Tr\u00e4dg\u00e5rdsf\u00f6rest\u00e4llningar, Matsesg\u00e5rden Stigsbo,Dansare: Linda Forsman, Victoria Roberts, Isac Hellman<\/strong><\/p>\n<p><strong>2017 &#8211; HABIBI &#8211; min \u00e4lskade, Folkets Hus Hofors, Byhuset Gysinge&nbsp; Dansare: Linda Forsman, Helena Lundkvist, Isac Hellman<\/strong><\/p>\n<p><strong>2017 &#8211; Solo HABIBI &#8211; Konstcentrum G\u00e4vle.<\/strong>Dansare:&nbsp;Linda Forsman<\/p>\n<p><strong>2016 &nbsp;STRAHERE &#8211; Stockholm. &nbsp; &nbsp; &nbsp; &nbsp; &nbsp; &nbsp; &nbsp; &nbsp; &nbsp; &nbsp; &nbsp; &nbsp; &nbsp; &nbsp; &nbsp; &nbsp; &nbsp; &nbsp; &nbsp; &nbsp; &nbsp; &nbsp; &nbsp; &nbsp; &nbsp; &nbsp; &nbsp; &nbsp; &nbsp; &nbsp;&nbsp; Dansare: Linda Forsman, Matilda Bilberg, Jimmie Larsson<\/strong><\/p>\n<p><strong>2016 &nbsp;One by 32 &#8211; Best\u00e4llningsverk Balettakademin, Stockholm. &nbsp;<\/strong><\/p>\n<p><strong><strong>2016&nbsp;<\/strong>&nbsp;<strong>HABIBI &#8211; min \u00e4lskade Teater Lederman &nbsp; &nbsp; &nbsp; &nbsp; &nbsp; &nbsp; &nbsp; &nbsp; &nbsp; &nbsp; &nbsp; &nbsp; &nbsp; &nbsp; &nbsp; &nbsp; &nbsp; &nbsp; &nbsp; &nbsp; &nbsp; &nbsp; &nbsp; <\/strong><\/strong>Dansare:&nbsp;Linda Forsman,&nbsp;Matilda Bilberg, Jimmie Larsson<strong><strong><br \/>\n<\/strong><\/strong><\/p>\n<p><strong>2015 HABIBI &#8211; min \u00e4lskade&nbsp;<strong>Matsesg\u00e5rden Stigsbo &nbsp; &nbsp; &nbsp; &nbsp; &nbsp; &nbsp; &nbsp; &nbsp; &nbsp; &nbsp; &nbsp; &nbsp; &nbsp; &nbsp; &nbsp; &nbsp; &nbsp; &nbsp;&nbsp;&nbsp; <\/strong><\/strong>Dansare:&nbsp;Linda Forsman,&nbsp;Matilda Bilberg, Jimmie Larsson<strong><strong> &nbsp; &nbsp; &nbsp; &nbsp; &nbsp; &nbsp;<\/strong><\/strong><\/p>\n<p><strong>2015 &nbsp;CERES VATTENFJ\u00c4RIL &#8211; Stockholm samt turn\u00e9 Sverige. &nbsp; &nbsp; &nbsp; &nbsp; &nbsp; &nbsp; &nbsp; &nbsp; &nbsp; &nbsp; &nbsp; &nbsp; &nbsp; &nbsp; &nbsp; &nbsp; &nbsp; &nbsp; &nbsp; &nbsp;&nbsp;<\/strong>Dansare: Madeleine Karlsson,&nbsp;Jimmie Larsson<\/p>\n<p><strong>2014 &nbsp;TR\u00c4DG\u00c5RDEN &#8211; Tr\u00e4dg\u00e5rdsf\u00f6rest\u00e4llningar p\u00e5 Matsesg\u00e5rden Stigsbo.<\/strong>Dansare: Linda Forsman, Madeleine Karlsson, My Johansson, Christina Forsling, Eva Tillberg<\/p>\n<p><strong>2014 &nbsp;Winter in June &#8211; J\u00f6nk\u00f6pings Landsting &nbsp; &nbsp; &nbsp; &nbsp; &nbsp; &nbsp; &nbsp; &nbsp; &nbsp; &nbsp; &nbsp; &nbsp; &nbsp; &nbsp; &nbsp; &nbsp; &nbsp; &nbsp; &nbsp; &nbsp; &nbsp; &nbsp; &nbsp; &nbsp; &nbsp; &nbsp; &nbsp; &nbsp; &nbsp; &nbsp; &nbsp; &nbsp; &nbsp; &nbsp; &nbsp;&nbsp;<\/strong>Dansare: Linda Forsman<\/p>\n<p><strong>2013 &nbsp;QUAD ANGULAR &#8211; Folkets Hus Sandviken &nbsp; &nbsp; &nbsp; &nbsp; &nbsp; &nbsp; &nbsp; &nbsp; &nbsp; &nbsp; &nbsp; &nbsp; &nbsp; &nbsp; &nbsp; &nbsp; &nbsp; &nbsp; &nbsp; &nbsp; &nbsp;&nbsp; <\/strong>Dansare: Linda Forsman, Susanne Svantesson, Malin R\u00f6nnerman<\/p>\n<p><strong>2012 X &#8211; SPACE &#8211; Turn\u00e9 Stockholms L\u00e4n, Aveny Ludvika, Dalateatern Falun.<\/strong>Dansare: Linda Forsman, \u00c5sa N \u00c5str\u00f6m, Oskar Frisk, David Price, Anna Zetterqvist<\/p>\n<p><strong>2012 SOLO BIRD &#8211; Konsthallen Sandviken, Bolln\u00e4s dansar &nbsp; &nbsp; &nbsp; &nbsp; &nbsp; &nbsp; &nbsp; &nbsp; &nbsp; &nbsp; &nbsp; &nbsp; &nbsp; &nbsp; &nbsp; &nbsp; &nbsp; &nbsp; &nbsp; &nbsp; &nbsp; &nbsp;&nbsp;<\/strong>Dansare: Linda Forsman<\/p>\n<p><strong>2010 &nbsp;ARAMAR \/ Bygdens ber\u00e4ttelser blir kroppens poesi. &nbsp; &nbsp; &nbsp; &nbsp; &nbsp; &nbsp; &nbsp; &nbsp; &nbsp; &nbsp; &nbsp; &nbsp; <\/strong>Dansare: Linda Forsman, Anna , Oskar Frisk, Madeleine Karlsson<\/p>\n<p><strong>2010 &nbsp;DANS &amp; K\u00d6R&nbsp;<strong>Dansv\u00e4xthuset Skellefte\u00e5 &#8211; Best\u00e4llningsverk<\/strong><\/strong><\/p>\n<\/div>\n<p><strong>2009 &nbsp;Duo \/ Linda Forsman &amp; Julyen Hamilton &#8211; Nattfestivalen, Korpilombolo<\/strong><\/p>\n<p><strong>2009 &nbsp;Koreografi f\u00f6r 5 barn &#8211; Nattfestivalen,Korpilombolo. Best\u00e4llningsverk f\u00f6r Dans i Nord<\/strong><\/p>\n<p><strong>2009 &#8211; 2012 &nbsp; OCEANENS S\u00c5NG &#8211; Barn \/ ungdoms produktion. &nbsp; &nbsp; &nbsp; &nbsp; &nbsp; &nbsp; &nbsp; &nbsp; &nbsp; &nbsp; &nbsp; &nbsp; &nbsp; &nbsp; &nbsp; &nbsp; &nbsp; &nbsp; &nbsp; &nbsp;<\/strong>Dansare: Linda Forsman, \u00c5sa N \u00c5str\u00f6m, Ingrid Chaplin<\/p>\n<p><strong>2008 &nbsp;SEVEN &#8211; Best\u00e4llningsverk Balettakademin<\/strong><\/p>\n<p><strong>2008 &nbsp;Koreografi f\u00f6r 6 barn &#8211; Nattfestivalen, Korpilombolo Best\u00e4llningsverk Dans i Nord<\/strong><\/p>\n<p><strong>2008 &nbsp;TRES VOCHES &#8211; Dances for Angels &#8211; Turn\u00e9. &nbsp; &nbsp; &nbsp; &nbsp; &nbsp; &nbsp; &nbsp; &nbsp; &nbsp; &nbsp; &nbsp; &nbsp; &nbsp; &nbsp; &nbsp; &nbsp; &nbsp; &nbsp; &nbsp; &nbsp; &nbsp; &nbsp; &nbsp; &nbsp; &nbsp; &nbsp; &nbsp; &nbsp; &nbsp; &nbsp;<\/strong>Dansare: Madeleine Karlsson,&nbsp;&nbsp;Ingrid Chaplin, Peter<\/p>\n<p><strong>2007 &nbsp;TRES VOCHES &#8211; Dances for Angels &#8211; Samproduktion Dans i Nord. &nbsp; &nbsp; &nbsp; &nbsp; &nbsp; &nbsp; &nbsp; &nbsp; &nbsp; &nbsp; &nbsp; &nbsp; &nbsp; &nbsp; &nbsp; &nbsp; <\/strong>Dansare:&nbsp;Madeleine Karlsson, Moa Westerlund, Lisa Hennix, Linda Blomkvist, Jonathan D Sikell<\/p>\n<p><strong>2007 &nbsp;Koreografi f\u00f6r 6 barn &#8211; Nattfestivalen, Korpilombolo.&nbsp;Best\u00e4llningsverk Dans i Nord<\/strong><\/p>\n<p><strong>2007 &nbsp;Koreografi f\u00f6r 8 ungdomar \/ Dansv\u00e4xthuset Skellefte\u00e5 &#8211; Best\u00e4llningsverk<\/strong><\/p>\n<p><strong>2006 &nbsp;TILLSAMMANS &#8211; koreografi f\u00f6r 17 barn &#8211; Best\u00e4llningsverk &#8211; Dans i S\u00f6rmland<\/strong><\/p>\n<p><strong>2005 &nbsp;TRAVELLERS &#8211; V\u00e4stmanlandsmusiken, V\u00e4ster\u00e5s Konserthus &nbsp; &nbsp; &nbsp; &nbsp; &nbsp; &nbsp; &nbsp; &nbsp; &nbsp; &nbsp; &nbsp; &nbsp; &nbsp; &nbsp; &nbsp; &nbsp; &nbsp; &nbsp; &nbsp;<\/strong>Dansare: Moa Westerlund, Caroline Daly, Henrik Norberg, Jerry Pedersson<\/p>\n<p><strong>2004 &nbsp;LOST TRIBES &#8211; Pusterviksteatern, G\u00f6teborg. &nbsp; &nbsp; &nbsp; &nbsp; &nbsp; &nbsp; &nbsp; &nbsp; &nbsp; &nbsp; &nbsp; &nbsp; &nbsp; &nbsp; &nbsp; &nbsp; &nbsp; &nbsp; &nbsp; &nbsp; &nbsp; &nbsp; &nbsp; &nbsp; &nbsp; &nbsp; &nbsp; &nbsp; &nbsp; &nbsp;<\/strong>Dansare: Viktora Alarik, Luisa Denward, \u00c5sa Thegerstr\u00f6m, Mette Wiik<\/p>\n<p><strong>2003 &nbsp;TIDSF\u00c5GLAR &#8211; turn\u00e9 i Norrland \/ Dans i Nord<\/strong><\/p>\n<p><strong>2002 &nbsp;LIFESCALES &#8211; Teater Replica och Dansh\u00f6gskolan, Stockholm. &nbsp; &nbsp; &nbsp; &nbsp; &nbsp; &nbsp; &nbsp; &nbsp; &nbsp; &nbsp; &nbsp; &nbsp; &nbsp; &nbsp; &nbsp;<\/strong>Dansare: Linda Forsman<\/p>\n<p><strong>2002 &nbsp;TRIASMA &#8211; Dansh\u00f6gskolan, Stockholm.Dansare: Ulrika Wedin, Maria och Jason<br \/>\n<\/strong><\/p>\n<p><strong>2001 &nbsp;WATER 1 &#8211; Produktion f\u00f6r studenterna i \u00e5rskurs 1, Dansh\u00f6gskolan<\/strong><\/p>\n<p><strong>2001 &nbsp;ROTOGOSTRA &#8211; turn\u00e9, Holland. &nbsp; &nbsp; &nbsp; &nbsp; &nbsp; &nbsp; &nbsp; &nbsp; &nbsp; &nbsp; &nbsp; &nbsp; &nbsp; &nbsp; &nbsp; &nbsp; &nbsp; &nbsp; &nbsp; &nbsp; &nbsp; &nbsp; &nbsp; &nbsp; &nbsp; &nbsp; &nbsp; &nbsp; &nbsp; &nbsp; &nbsp; &nbsp; &nbsp; &nbsp; &nbsp; &nbsp; &nbsp; &nbsp; &nbsp; &nbsp; &nbsp;<\/strong>Dansare: Linda Forsman, Kerstin Abrahamsson, Susanne Svantesson<\/p>\n<p><strong>2000 &nbsp;ROTOGOSTRA &#8211; Danscentrum, Stockholm. &nbsp; &nbsp; &nbsp; &nbsp; &nbsp; &nbsp; &nbsp; &nbsp; &nbsp; &nbsp; &nbsp; &nbsp; &nbsp; &nbsp; &nbsp; &nbsp; &nbsp; &nbsp; &nbsp; &nbsp; &nbsp; &nbsp; &nbsp; &nbsp; &nbsp; &nbsp; &nbsp; &nbsp; &nbsp; &nbsp;&nbsp;<\/strong>Dansare: Linda Forsman, Kerstin Abrahamsson, Susanne Svantesson<\/p>\n<p><strong>1999 &nbsp;END of INNOCENCE &#8211; Moderna Dansteatern, Stockholm. &nbsp; &nbsp; &nbsp; &nbsp; &nbsp; &nbsp; &nbsp; &nbsp; &nbsp; &nbsp; &nbsp; &nbsp; &nbsp; &nbsp; &nbsp; &nbsp; &nbsp; &nbsp; &nbsp;<\/strong>Dansare: Linda Forsman<\/p>\n<p><strong>1996 &nbsp;OCEANID &#8211; barnproduktion p\u00e5 turn\u00e9, Sverige. &nbsp; &nbsp; &nbsp; &nbsp; &nbsp; &nbsp; &nbsp; &nbsp; &nbsp; &nbsp; &nbsp; &nbsp; &nbsp; &nbsp; &nbsp; &nbsp; &nbsp; &nbsp; &nbsp; &nbsp; &nbsp; &nbsp; &nbsp; &nbsp; &nbsp; &nbsp; &nbsp; &nbsp;&nbsp;<\/strong>Dansare: Linda Forsman, Anna-Karin Larsson<\/p>\n<p><strong>1996 &nbsp;MENHIR \/ NIER\u00ccKA &#8211; scen och filmproduktion p\u00e5 turn\u00e9, Sverige. &nbsp; &nbsp; &nbsp; &nbsp; &nbsp; &nbsp; &nbsp; &nbsp; &nbsp; &nbsp; &nbsp; &nbsp; &nbsp;<\/strong>Dansare: Linda Forsman, Lotta Melin, Susanne Svantesson<\/p>\n<p><strong>1995 &nbsp;NIER\u00ccKA \/ MENIR &#8211; scen och filmproduktion, Dansens Hus, Stockholm &nbsp; &nbsp; &nbsp; &nbsp; &nbsp; &nbsp;&nbsp;<\/strong>Dansare: Linda Forsman, Lotta Andersson, Karin, Camilla Wiehen, Robin Haggar, Paul Jonsson, Michael Ramirez<\/p>\n<p><strong>1995 &nbsp;TRIA &#8211; en dansad triptyk &#8211; Teater Manegen, Stockholm. &nbsp; &nbsp; &nbsp; &nbsp; &nbsp; &nbsp; &nbsp; &nbsp; &nbsp; &nbsp; &nbsp; &nbsp; &nbsp; &nbsp; &nbsp; &nbsp; &nbsp; &nbsp; &nbsp; &nbsp;Dansare: Linda Forsman, Andrea Svensson, Robin Haggar&nbsp;<\/strong><\/p>\n<p><strong>1995 &nbsp;FEMINA NOVEM &#8211; turn\u00e9, Sverige. &nbsp; &nbsp; &nbsp; &nbsp; &nbsp; &nbsp; &nbsp; &nbsp; &nbsp; &nbsp; &nbsp; &nbsp; &nbsp; &nbsp; &nbsp; &nbsp; &nbsp; &nbsp; &nbsp; &nbsp; &nbsp; &nbsp; &nbsp; &nbsp; &nbsp; &nbsp; &nbsp; &nbsp; &nbsp; &nbsp; &nbsp; &nbsp; &nbsp; &nbsp; &nbsp; &nbsp; &nbsp; &nbsp; &nbsp; &nbsp; &nbsp;&nbsp;<\/strong>Dansare: Linda Forsman<\/p>\n<p><strong>1995 &nbsp;SOLO &amp; DUO &#8211; turn\u00e9, Sverige<\/strong><\/p>\n<p><strong>1994 &nbsp;FEMINA NOVEM &#8211; Stockholms Medeltidsmuseum. &nbsp; &nbsp; &nbsp; &nbsp; &nbsp; &nbsp; &nbsp; &nbsp; &nbsp; &nbsp; &nbsp; &nbsp; &nbsp; &nbsp; &nbsp; &nbsp; &nbsp; &nbsp; &nbsp; &nbsp; &nbsp; &nbsp; &nbsp; &nbsp;&nbsp;<\/strong>Dansare: Linda Forsman<\/p>\n<p><strong>1994 &nbsp;SOLO &amp; DUO &#8211; turn\u00e9, Sverige<\/strong><\/p>\n<p><strong>1994 &nbsp;\u2026 D\u00c4RI BEST\u00c5R MINNET &#8211; Musikmuseet, Stockholm. &nbsp; &nbsp; &nbsp; &nbsp; &nbsp; &nbsp; &nbsp; &nbsp; &nbsp; &nbsp; &nbsp; &nbsp; &nbsp; &nbsp; &nbsp; &nbsp; &nbsp; &nbsp; &nbsp; &nbsp; &nbsp;&nbsp;<\/strong>Dansare: Linda Forsman, Jeanett Bolding, Michael Ramirez<\/p>\n<p><strong>1993 &nbsp;SCINTILLA &#8211; Teater PLAZA, Stockholm. &nbsp; &nbsp; &nbsp; &nbsp; &nbsp; &nbsp; &nbsp; &nbsp; &nbsp; &nbsp; &nbsp; &nbsp; &nbsp; &nbsp; &nbsp; &nbsp; &nbsp; &nbsp; &nbsp; &nbsp; &nbsp; &nbsp; &nbsp; &nbsp; &nbsp; &nbsp; &nbsp; &nbsp; &nbsp; &nbsp; &nbsp; &nbsp; &nbsp;&nbsp;<\/strong>Dansare: Linda Forsman&nbsp;, Anna Lyrevik, Solweig Linde, Nina H\u00f6glund<\/p>\n<p><strong>1993 &nbsp;SCINTILLA &#8211; Turn\u00e9, Nordkalotten. &nbsp; &nbsp; &nbsp; &nbsp; &nbsp; &nbsp; &nbsp; &nbsp; &nbsp; &nbsp; &nbsp; &nbsp; &nbsp; &nbsp; &nbsp; &nbsp; &nbsp; &nbsp; &nbsp; &nbsp; &nbsp; &nbsp; &nbsp; &nbsp; &nbsp; &nbsp; &nbsp; &nbsp; &nbsp; &nbsp; &nbsp; &nbsp; &nbsp; &nbsp; &nbsp; &nbsp; &nbsp; &nbsp; &nbsp;Dansare: Linda Forsman&nbsp;, Anna Lyrevik, Solweig Linde<br \/>\n<\/strong><\/p>\n<p><strong>1992 &nbsp;THE CAGE PROJECT &#8211; samarbete med Koreograf Sebastian Prantl, \u00d6sterrike<\/strong><\/p>\n<p><strong>1992 &nbsp;ANIMA &#8211; ANIMUS &#8211; samproduktion med Koreograf Julyen Hamilton, England. &nbsp; &nbsp; <\/strong>Dansare: Linda Forsman, Solweig Linde,&nbsp;Julyen Hamilton<\/p>\n<p><strong>1991 &nbsp;QUINTAL &#8211; Moderna Dansteatern och turn\u00e9, Sverige &nbsp; &nbsp; &nbsp; &nbsp; &nbsp; &nbsp; &nbsp; &nbsp; &nbsp; &nbsp; &nbsp; &nbsp; &nbsp; &nbsp; &nbsp; &nbsp; &nbsp; &nbsp; &nbsp; &nbsp; &nbsp; &nbsp; &nbsp; &nbsp; &nbsp; &nbsp; &nbsp; &nbsp;<\/strong>Dansare: Linda Forsman, Helena Franzen, Maria Mebius &#8211; Schr\u00f6der, Micaela Corvo, Solweig Linde, Anna Lyrevik<\/p>\n<p><strong>1991 &nbsp;CONSISTENCY of AIR &#8211; turn\u00e9, Norge och Holland. &nbsp; &nbsp; &nbsp; &nbsp; &nbsp; &nbsp; &nbsp; &nbsp; &nbsp; &nbsp; &nbsp; &nbsp; &nbsp; &nbsp; &nbsp; &nbsp; &nbsp; &nbsp; &nbsp; &nbsp; &nbsp; &nbsp; &nbsp; &nbsp; &nbsp; <\/strong>Dansare: Linda Forsman, Pauline de Groot<\/p>\n<p><strong>1990 &nbsp;CONSISTENCY of AIR &#8211; Urpremi\u00e4r p\u00e5 Kulturhuset, Stockholm &nbsp; &nbsp; &nbsp; &nbsp; &nbsp; &nbsp; &nbsp; &nbsp; &nbsp;&nbsp;<\/strong><strong>Internationell premi\u00e4r p\u00e5 Het Veem Theatre i Amsterdam &nbsp; &nbsp; &nbsp; &nbsp; &nbsp; &nbsp; &nbsp; &nbsp; &nbsp; &nbsp; &nbsp; &nbsp; &nbsp; &nbsp; &nbsp; &nbsp; &nbsp; &nbsp; &nbsp; &nbsp; &nbsp; &nbsp; &nbsp; &nbsp; &nbsp;<\/strong>Dansare: Linda Forsman, Pauline de Groot<\/p>\n<p><strong>1990 &nbsp;NODER &#8211; Moderna Dansteatern, Stockholm &nbsp; &nbsp; &nbsp; &nbsp; &nbsp; &nbsp; &nbsp; &nbsp; &nbsp; &nbsp; &nbsp; &nbsp; &nbsp; &nbsp; &nbsp; &nbsp; &nbsp; &nbsp; &nbsp; &nbsp; &nbsp; &nbsp; &nbsp; &nbsp; &nbsp; &nbsp; &nbsp; &nbsp; &nbsp; &nbsp; &nbsp; &nbsp; &nbsp; &nbsp; &nbsp; &nbsp; &nbsp; &nbsp; &nbsp; &nbsp; &nbsp;<\/strong>Dansare: Linda Forsman, Solweig Linda, Lotta Andersson, Anna Lyrevik<\/p>\n<p><strong>1989 &nbsp;R\u00c5 &#8211; Glashusteatern, Stockholm och Unga Atalante, G\u00f6teborg. &nbsp; &nbsp; &nbsp; &nbsp; &nbsp; &nbsp; &nbsp; &nbsp; &nbsp; &nbsp; &nbsp; &nbsp; &nbsp; &nbsp;&nbsp;<\/strong>Dansare: Linda Forsman<\/p>\n<p><strong>1987 &nbsp;KORDA &#8211; ett samarbete kring en dansf\u00f6rest\u00e4llning &#8211; Glashusteatern, Stockholm. &nbsp; &nbsp; &nbsp;&nbsp;<\/strong>Dansare: Linda Forsman<\/p>\n<p><strong>1987 &nbsp;KORDA &nbsp;startades av koreografen Linda Forsman, scenografen \/ ljusdesignern \/ musikern \/ bildkonstn\u00e4ren Lou Lundqvist och bildkonstn\u00e4ren \/ f\u00f6rl\u00e4ggaren H\u00e5kan Blomkvist<\/strong><\/p>\n<p><strong><a name=\"filmproduktioner\"><\/a><\/strong><strong>Filmproduktioner<\/strong><\/p>\n<p><strong>2005 &nbsp;TRAVELLERS &#8211; kortfilm p\u00e5 HD Video \u00f6verf\u00f6rd p\u00e5 DVD<\/strong><\/p>\n<p><strong>1995 &nbsp;NIER\u00cdKA &#8211; kortfilm p\u00e5 35mm Cinemascope. Filmen har inbjudits till och deltagit i kategorin \u201d Cinema of tomorrow &#8211; New Trends \u201d p\u00e5 The World Film Festival i Montreal, Kanada, samt visats p\u00e5 nationella och internationella festivaler och ink\u00f6pts av flera internationella TV &#8211; bolag<\/strong><\/p>\n<p><strong>1994 &nbsp;NADIR &#8211; kortfilm p\u00e5 35mm Cinemascope. Filmen har inbjudits till och deltagit i kategorin \u201d Cinema of tomorrow &#8211; New Trends \u201d p\u00e5 The World Film Festival i Montreal, Kanada, samt visats p\u00e5 nationella och&nbsp;internationella festivaler och ink\u00f6pts av flera internationella TV &#8211; bolag<\/strong><\/p>\n<p><strong>Samproduktioner<\/strong><\/p>\n<p><strong>2001 &#8211; 2002 &nbsp;Projekterade, f\u00f6rberedde, arrangerade och genomf\u00f6rde i samarbete med Prorektor Gun Roman, Dansh\u00f6gskolan och med EU &#8211; st\u00f6d fr\u00e5n \u201d EU &#8211; Culture 2000, \u201d The Mercury Project \u201d, d\u00e4r 28 koreografer, dansare, musiker och bild \/ videokonstn\u00e4rer fr\u00e5n sju olika l\u00e4nder inom EU m\u00f6ttes i Stockholm under 14 dagar f\u00f6r att arbeta tillsammans och framf\u00f6ra sina produktioner<\/strong><\/p>\n<p><strong>1990 &nbsp;Dansverk i samproduktion med Koreograf \/ Dansare Pauline de Groot, Holland, f\u00f6rest\u00e4llningar i Stockholm, Amsterdam, Arnhem, Niejmegen samt Oslo<\/strong><\/p>\n<p><strong>1992 &nbsp;Dansverk i samproduktion med Koreograf \/ Dansare \/ Regiss\u00f6r Julyen Hamilton, England \/ Spanien samt samarbete med Koreograf \/ Dansare Sebastian Prantl, \u00d6sterrike<\/strong><\/p>\n","protected":false},"excerpt":{"rendered":"<p>Scenproduktioner &nbsp;&nbsp; G\u00e5 till&nbsp;Filmproduktioner&nbsp;&amp; Samproduktioner 2024 &#8211; DUO,SOLO,SOLO,DUO Linda Forsman och Lou T Lundqvist i samarbete med Julyen Hamilton. 2024 &#8211; GAVIA ARCTICA &#8211; till Storlommen och sj\u00f6arnas \u00e4ra &#8211; Dans i Tr\u00e4dg\u00e5rden &#8211; Linda Forsman och Lou T Lundqvist. &hellip; <a class=\"more-link\" href=\"https:\/\/korda.org\/?page_id=210\">L\u00e4s mer <span class=\"meta-nav\">&rarr;<\/span><\/a><\/p>\n","protected":false},"author":1,"featured_media":0,"parent":0,"menu_order":0,"comment_status":"closed","ping_status":"closed","template":"","meta":{"ngg_post_thumbnail":0,"footnotes":""},"class_list":["post-210","page","type-page","status-publish","hentry"],"_links":{"self":[{"href":"https:\/\/korda.org\/index.php?rest_route=\/wp\/v2\/pages\/210","targetHints":{"allow":["GET"]}}],"collection":[{"href":"https:\/\/korda.org\/index.php?rest_route=\/wp\/v2\/pages"}],"about":[{"href":"https:\/\/korda.org\/index.php?rest_route=\/wp\/v2\/types\/page"}],"author":[{"embeddable":true,"href":"https:\/\/korda.org\/index.php?rest_route=\/wp\/v2\/users\/1"}],"replies":[{"embeddable":true,"href":"https:\/\/korda.org\/index.php?rest_route=%2Fwp%2Fv2%2Fcomments&post=210"}],"version-history":[{"count":49,"href":"https:\/\/korda.org\/index.php?rest_route=\/wp\/v2\/pages\/210\/revisions"}],"predecessor-version":[{"id":1765,"href":"https:\/\/korda.org\/index.php?rest_route=\/wp\/v2\/pages\/210\/revisions\/1765"}],"wp:attachment":[{"href":"https:\/\/korda.org\/index.php?rest_route=%2Fwp%2Fv2%2Fmedia&parent=210"}],"curies":[{"name":"wp","href":"https:\/\/api.w.org\/{rel}","templated":true}]}}