{"id":295,"date":"2013-04-10T20:47:00","date_gmt":"2013-04-10T18:47:00","guid":{"rendered":"http:\/\/pc-mac.se\/word\/?page_id=295"},"modified":"2026-05-02T14:14:59","modified_gmt":"2026-05-02T13:14:59","slug":"korda","status":"publish","type":"page","link":"https:\/\/korda.org\/?page_id=295","title":{"rendered":"KORDA Art In Motion"},"content":{"rendered":"<p><a href=\"https:\/\/korda.org\/?attachment_id=1943\" rel=\"attachment wp-att-1943\"><img loading=\"lazy\" decoding=\"async\" class=\"size-medium wp-image-1943\" src=\"http:\/\/korda.org\/wp-content\/uploads\/2025\/10\/\u00a9Foto-Britt-Arbelius-244x300.jpeg\" alt=\"\" width=\"244\" height=\"300\" srcset=\"https:\/\/korda.org\/wp-content\/uploads\/2025\/10\/\u00a9Foto-Britt-Arbelius-244x300.jpeg 244w, https:\/\/korda.org\/wp-content\/uploads\/2025\/10\/\u00a9Foto-Britt-Arbelius-831x1024.jpeg 831w, https:\/\/korda.org\/wp-content\/uploads\/2025\/10\/\u00a9Foto-Britt-Arbelius-768x946.jpeg 768w, https:\/\/korda.org\/wp-content\/uploads\/2025\/10\/\u00a9Foto-Britt-Arbelius.jpeg 1169w\" sizes=\"auto, (max-width: 244px) 100vw, 244px\" \/><\/a><\/p>\n<p><b>QUINTAL II A<\/b><\/p>\n<p><a href=\"https:\/\/vimeo.com\/1049287166\">https:\/\/vimeo.com\/1049287166<\/a><\/p>\n<p>Korda Art in Motion Danceproduction is a dynamic brand that combines dance, music, film and visual art to create captivating and thought-provoking productions.<\/p>\n<p>Led by the talented Linda Forsman, a visionary choreographer, and Lou T Lundqvist, an accomplished visual artist, Korda Art in Motion pushes the boundaries of artistic expression.<\/p>\n<p>Their current and past productions have garnered high praise from critics and audiences alike.<\/p>\n<p>With a diverse range of projects, Korda Art in Motion captivates viewers with their innovative and immersive performances.<\/p>\n<p>In addition to their productions, Korda Art in Motion offers workshops and classes for those interested in exploring the world of dance and art.<\/p>\n<p>They also collaborate with cultural centers, such as Matsesg\u00e5rden, to bring their unique artistic vision to a wider audience.<\/p>\n<p>Immerse yourself in the explosion of life and color that Korda Art in Motion brings to the stage.<\/p>\n<p>Experience the synergy of dance, music, film, and visual art that defines this inspiring brand.<\/p>\n<p><a href=\"https:\/\/korda.org\/?attachment_id=2018\" rel=\"attachment wp-att-2018\"><img loading=\"lazy\" decoding=\"async\" class=\"alignnone size-medium wp-image-2018\" src=\"http:\/\/korda.org\/wp-content\/uploads\/2026\/05\/Dancers-Painting-Lake-300x200.jpg\" alt=\"\" width=\"300\" height=\"200\" srcset=\"https:\/\/korda.org\/wp-content\/uploads\/2026\/05\/Dancers-Painting-Lake-300x200.jpg 300w, https:\/\/korda.org\/wp-content\/uploads\/2026\/05\/Dancers-Painting-Lake-1024x683.jpg 1024w, https:\/\/korda.org\/wp-content\/uploads\/2026\/05\/Dancers-Painting-Lake-768x512.jpg 768w, https:\/\/korda.org\/wp-content\/uploads\/2026\/05\/Dancers-Painting-Lake-1536x1024.jpg 1536w, https:\/\/korda.org\/wp-content\/uploads\/2026\/05\/Dancers-Painting-Lake-2048x1365.jpg 2048w, https:\/\/korda.org\/wp-content\/uploads\/2026\/05\/Dancers-Painting-Lake-450x300.jpg 450w\" sizes=\"auto, (max-width: 300px) 100vw, 300px\" \/><\/a><\/p>\n<p style=\"font-family: Arial, Helvetica, sans-serif; font-size: 14px;\"><span style=\"font-size: medium; color: #ff6600;\"><span style=\"font-size: medium;\">KORDA Art in Motion Dance company based at MATSESG\u00c5RDEN Stigsbo, Stj\u00e4rnsund in Hedemora commune since 2013.&nbsp;<\/span><\/span><\/p>\n<p>Artistic collaborations continues with Julyen Hamilton, Spain, Eleni Pantazatou, Greece and Brandon Collwes, New York.<\/p>\n<p>Planning collaborations with Samuel Exley, France, Emmanuel Dollo, France, Charlotte Labaki, France <b><a href=\"https:\/\/www.facebook.com\/nd\/?larouiche&amp;lloc=profile_link&amp;aref=1726221761534444&amp;medium=email&amp;mid=621fd0950571aG5af39118dbd2G621fd52e659ecG79&amp;bcode=2.1726221775.AbyawKHH38AkS0ZT0LI&amp;n_m=linda%40korda.org\">La Rouiche<\/a><\/b>s France.<\/p>\n<p>&nbsp;<\/p>\n<p>Dance performance in the Garden<\/p>\n<p>HABIBI &#8211; my love<\/p>\n<p><a href=\"https:\/\/vimeo.com\/144200304\">https:\/\/vimeo.com\/144200304<\/a><\/p>\n<p>KORDA har verksamhet i G\u00e4vleborg och Dalarna med workshops och f\u00f6rest\u00e4llningar samt i Stockholm med workshops, f\u00f6rest\u00e4llningar och M\u00c5NDAGSGRUPPEN.<\/p>\n<p style=\"font-family: Arial, Helvetica, sans-serif; font-size: 14px;\"><span style=\"font-size: medium;\">Koreograf \/ Dansare&nbsp;Linda Forsman och Scenograf \/ Ljusdesigner \/ Musiker \/ Bildkonstn\u00e4r Lou T Lundqvist, \u00e4r&nbsp;Konstn\u00e4rliga ledare<\/span><\/p>\n<p style=\"font-family: Arial, Helvetica, sans-serif; font-size: 14px;\"><span style=\"font-size: medium;\">Dansarna Kerstin Abrahamsson, Rebecka Carlsson, Tobias Sk\u00f6ld, Rannhvi Mebius Jormin, &nbsp;Jonathan D Sikell, \u00c5sa N \u00c5str\u00f6m, Matilda Bilberg och Jimmie Larsson anst\u00e4lls i relation till projektmedel<\/span><\/p>\n<p style=\"font-family: Arial, Helvetica, sans-serif; font-size: 14px;\"><span style=\"font-size: medium;\">KORDA skapar experimentella dans, bild och filmproduktioner.&nbsp;Dansf\u00f6rest\u00e4llningar f\u00f6r scen och utomhus, konstutst\u00e4llningar, workshops, dans och h\u00e4lsofr\u00e4mjande danskonst projekt<\/span><\/p>\n<p style=\"font-family: Arial, Helvetica, sans-serif; font-size: 14px;\"><span style=\"font-size: medium;\">Produktioner som \u00e4r ett fl\u00f6de av dans, bild, musik, dikt och film som relaterar till sin omgivning av konstbilder, film, scenografiska element, objekt, natur, djur samt rummens atmosf\u00e4r. Tillsammans och samtidigt var och en sj\u00e4lvst\u00e4ndig i sin egen konstform<\/span><\/p>\n<p style=\"font-family: Arial, Helvetica, sans-serif; font-size: 14px;\"><span style=\"font-size: medium;\">Korda Art in Motion \u00e4r en ideell f\u00f6rening. Styrelsen best\u00e5r av : Ordf\u00f6rande Margreth Elfstr\u00f6m, Kultursekreterare och Arrang\u00f6r i T\u00e4by kommun, &nbsp;H\u00e5kan Blomkvist, bildkonstn\u00e4r \/ f\u00f6rl\u00e4ggare, Pontus Plahn, flygare, Eva Perbrand Magnusson, Koreograf och Dansare, Tom Hedman, Kulturkonsult, Lou Lundqvist, Scenograf \/ Ljusdesigner \/ Musiker \/ Bildkonstn\u00e4r&nbsp;<\/span><\/p>\n<p style=\"font-family: Arial, Helvetica, sans-serif; font-size: 14px;\"><span style=\"font-size: medium;\">F\u00f6reningens revisor \u00e4r Britt Arbelius. Ekonomisk konsult \u00e4r Karin Alderlid.&nbsp;<\/span><\/p>\n<p style=\"font-family: Arial, Helvetica, sans-serif; font-size: 14px;\"><span style=\"font-size: medium;\">Verksamheten st\u00f6ds av Hedemora kommun och Region G\u00e4vleborg.<\/span><\/p>\n<p style=\"font-family: Arial, Helvetica, sans-serif; font-size: 14px;\"><span style=\"font-size: medium;\">Samarbeten sker med Julyen Hamilton, ABF Hofors, &nbsp;Folkets Hus Hofors, ABF Dalarna, Folkteatern Dalarna, Riksteatern G\u00e4vleborg, Hofors Teaterf\u00f6rening &#8211; en Riksteater f\u00f6rening, <\/span><\/p>\n<p style=\"font-family: Arial, Helvetica, sans-serif; font-size: 14px;\"><span style=\"font-size: medium;\">G\u00e4vle Teaterf\u00f6rening &#8211; en del av Riksteatern samt Konsthallen Sandviken.<\/span><\/p>\n<p><span style=\"font-size: medium;\">KORDA Art in Motion Danskompani \u00e4r medlem i MadeintheWeb<\/span><\/p>\n<p><a href=\"http:\/\/www.madein-theweb.com\/korda-art-in-motion-dance-company\/\">http:\/\/www.madein-theweb.com\/korda-art-in-motion-dance-company\/<\/a><\/p>\n<p>&nbsp;<\/p>\n<p style=\"font-family: Arial, Helvetica, sans-serif; font-size: 14px;\"><span style=\"font-size: medium;\">F\u00f6reningen KORDA Art in Motion \u00e4r medlem i och st\u00f6ds av Riksf\u00f6rbundet Sveriges Konstf\u00f6reningar. <\/span><\/p>\n<p style=\"font-family: Arial, Helvetica, sans-serif; font-size: 14px;\"><span style=\"font-size: medium;\">KORDA Art in Motion \u00e4r ocks\u00e5 medlem i Hedemora Kultur och Danscentrum.<\/span><\/p>\n<p>Verksamheten har tidigare f\u00e5tt st\u00f6d av Kulturr\u00e5det, Region Dalarna, Leader Nedre Dal\u00e4lven, Stiftelsen Scenkonst Stj\u00e4rnsund samt Studiefr\u00e4mjandet Hedemora. Samt konstn\u00e4rerna har f\u00e5tt stipendium fr\u00e5n Konstn\u00e4rsn\u00e4mnden.<\/p>\n<p style=\"font-family: Arial, Helvetica, sans-serif; font-size: 14px;\"><span style=\"font-size: medium;\">Under 2019 &#8211; 2020 genomf\u00f6rde KORDA Art in Motion ett stort DANSLUST &#8211; Skapande Skola projekt i 15 f\u00f6rskolor i J\u00e4rf\u00e4lla kommun.<\/span><\/p>\n<p style=\"font-family: Arial, Helvetica, sans-serif; font-size: 14px;\"><strong> <span style=\"font-size: medium;\">Korda Art in Motion startades av Linda Forsman, Lou T Lundqvist och H\u00e5kan Blomkvist 1987.<\/span><\/strong><\/p>\n<p style=\"font-family: Arial, Helvetica, sans-serif; font-size: 14px;\"><span style=\"font-size: medium;\">Korda betyder b\u00e5gstr\u00e4ng och \u00e4r ett begrepp inom matematiken : en r\u00e4t linje som f\u00f6rbinder tv\u00e5 punkter p\u00e5 en cirkel<\/span><\/p>\n<p style=\"font-family: Arial, Helvetica, sans-serif; font-size: 14px;\"><span style=\"font-size: medium; color: #ff6600;\">Dansen, musiken, ljuset, bilden, filmen och scenografin \u00e4r likv\u00e4rdiga och samtidigt sj\u00e4lvst\u00e4ndiga i f\u00f6rh\u00e5llande till varandra. Varje uttrycksmedel har en egen karakt\u00e4r, f\u00f6r\u00e4ndras som st\u00e4mmor och motst\u00e4mmor i kraftfulla, dramatiska och lyriska fl\u00f6den av bilder och st\u00e4mningar d\u00e4r betydelser och sammanhang st\u00e4ndigt uppst\u00e5r och st\u00e4ndigt skiftar<\/span><\/p>\n","protected":false},"excerpt":{"rendered":"<p>QUINTAL II A https:\/\/vimeo.com\/1049287166 Korda Art in Motion Danceproduction is a dynamic brand that combines dance, music, film and visual art to create captivating and thought-provoking productions. Led by the talented Linda Forsman, a visionary choreographer, and Lou T Lundqvist, &hellip; <a class=\"more-link\" href=\"https:\/\/korda.org\/?page_id=295\">L\u00e4s mer <span class=\"meta-nav\">&rarr;<\/span><\/a><\/p>\n","protected":false},"author":1,"featured_media":0,"parent":148,"menu_order":0,"comment_status":"closed","ping_status":"closed","template":"","meta":{"ngg_post_thumbnail":0,"footnotes":""},"class_list":["post-295","page","type-page","status-publish","hentry"],"_links":{"self":[{"href":"https:\/\/korda.org\/index.php?rest_route=\/wp\/v2\/pages\/295","targetHints":{"allow":["GET"]}}],"collection":[{"href":"https:\/\/korda.org\/index.php?rest_route=\/wp\/v2\/pages"}],"about":[{"href":"https:\/\/korda.org\/index.php?rest_route=\/wp\/v2\/types\/page"}],"author":[{"embeddable":true,"href":"https:\/\/korda.org\/index.php?rest_route=\/wp\/v2\/users\/1"}],"replies":[{"embeddable":true,"href":"https:\/\/korda.org\/index.php?rest_route=%2Fwp%2Fv2%2Fcomments&post=295"}],"version-history":[{"count":55,"href":"https:\/\/korda.org\/index.php?rest_route=\/wp\/v2\/pages\/295\/revisions"}],"predecessor-version":[{"id":2022,"href":"https:\/\/korda.org\/index.php?rest_route=\/wp\/v2\/pages\/295\/revisions\/2022"}],"up":[{"embeddable":true,"href":"https:\/\/korda.org\/index.php?rest_route=\/wp\/v2\/pages\/148"}],"wp:attachment":[{"href":"https:\/\/korda.org\/index.php?rest_route=%2Fwp%2Fv2%2Fmedia&parent=295"}],"curies":[{"name":"wp","href":"https:\/\/api.w.org\/{rel}","templated":true}]}}